{"id":726,"date":"2020-06-04T18:47:25","date_gmt":"2020-06-04T21:47:25","guid":{"rendered":"https:\/\/fumocanarinho.com.br\/portal\/?page_id=726"},"modified":"2020-06-04T22:03:05","modified_gmt":"2020-06-05T01:03:05","slug":"energy-caps","status":"publish","type":"page","link":"https:\/\/fumocanarinho.com.br\/portal\/energy-caps\/","title":{"rendered":"Energy caps"},"content":{"rendered":"\t\t<div data-elementor-type=\"wp-page\" data-elementor-id=\"726\" class=\"elementor elementor-726\" data-elementor-settings=\"[]\">\n\t\t\t\t\t\t<div class=\"elementor-inner\">\n\t\t\t\t\t\t\t<div class=\"elementor-section-wrap\">\n\t\t\t\t\t\t\t<section class=\"elementor-section elementor-top-section elementor-element elementor-element-bb4a076 elementor-section-stretched elementor-section-boxed elementor-section-height-default elementor-section-height-default\" data-id=\"bb4a076\" data-element_type=\"section\" data-settings=\"{&quot;stretch_section&quot;:&quot;section-stretched&quot;}\">\n\t\t\t\t\t\t<div class=\"elementor-container elementor-column-gap-default\">\n\t\t\t\t\t\t\t<div class=\"elementor-row\">\n\t\t\t\t\t<div class=\"elementor-column elementor-col-50 elementor-top-column elementor-element elementor-element-3b8c7a9\" data-id=\"3b8c7a9\" data-element_type=\"column\">\n\t\t\t<div class=\"elementor-column-wrap elementor-element-populated\">\n\t\t\t\t\t\t\t<div class=\"elementor-widget-wrap\">\n\t\t\t\t\t\t<section class=\"elementor-section elementor-inner-section elementor-element elementor-element-6ddc97d elementor-section-boxed elementor-section-height-default elementor-section-height-default\" data-id=\"6ddc97d\" data-element_type=\"section\">\n\t\t\t\t\t\t<div class=\"elementor-container elementor-column-gap-default\">\n\t\t\t\t\t\t\t<div class=\"elementor-row\">\n\t\t\t\t\t<div class=\"elementor-column elementor-col-100 elementor-inner-column elementor-element elementor-element-2920e8f\" data-id=\"2920e8f\" data-element_type=\"column\">\n\t\t\t<div class=\"elementor-column-wrap elementor-element-populated\">\n\t\t\t\t\t\t\t<div class=\"elementor-widget-wrap\">\n\t\t\t\t\t\t<div class=\"elementor-element elementor-element-10d050a elementor-widget elementor-widget-premium-img-gallery\" data-id=\"10d050a\" data-element_type=\"widget\" data-widget_type=\"premium-img-gallery.default\">\n\t\t\t\t<div class=\"elementor-widget-container\">\n\t\t\t\n    <div class=\"premium-img-gallery-no-lightbox premium-img-gallery premium-img-gallery-masonry zoomin premium-gallery-icon-show\" id=\"premium-img-gallery-10d050a\">\n                \n        <div class=\"premium-gallery-container\" data-settings='{\"img_size\":\"masonry\",\"filter\":\"\",\"theme\":null,\"active_cat\":\"*\",\"ltr_mode\":true,\"shuffle\":false,\"sort_by\":\"original-order\"}'>\n            \n                        <div class=\"premium-gallery-item elementor-repeater-item-cd7b3c1 category-1\">\n                <div class=\"pa-gallery-img style3\" onclick=\"\">\n                    <div class=\"pa-gallery-img-container\">\n                                        \n        <img class=\"pa-gallery-image\" src=\"https:\/\/fumocanarinho.com.br\/portal\/wp-content\/uploads\/2020\/06\/canarinho-energy-caps.jpg\" alt=\"canarinho energy caps\">    \n                                    <div class=\"pa-gallery-icons-wrapper\">\n                                <div class=\"pa-gallery-icons-inner-container\">\n                                                                    <\/div>\n                            <\/div>\n                                            <\/div>\n                                    <\/div>\n            <\/div>\n                    <\/div>\n        \n                \n    <\/div>\n    \n    \n            \n    \t\t<\/div>\n\t\t\t\t<\/div>\n\t\t\t\t\t\t<\/div>\n\t\t\t\t\t<\/div>\n\t\t<\/div>\n\t\t\t\t\t\t\t\t<\/div>\n\t\t\t\t\t<\/div>\n\t\t<\/section>\n\t\t\t\t<section class=\"elementor-section elementor-inner-section elementor-element elementor-element-867d277 elementor-section-boxed elementor-section-height-default elementor-section-height-default\" data-id=\"867d277\" data-element_type=\"section\" data-settings=\"{&quot;background_background&quot;:&quot;classic&quot;}\">\n\t\t\t\t\t\t<div class=\"elementor-container elementor-column-gap-default\">\n\t\t\t\t\t\t\t<div class=\"elementor-row\">\n\t\t\t\t\t<div class=\"elementor-column elementor-col-100 elementor-inner-column elementor-element elementor-element-afaa7e7\" data-id=\"afaa7e7\" data-element_type=\"column\" data-settings=\"{&quot;background_background&quot;:&quot;classic&quot;}\">\n\t\t\t<div class=\"elementor-column-wrap elementor-element-populated\">\n\t\t\t\t\t\t\t<div class=\"elementor-widget-wrap\">\n\t\t\t\t\t\t<div class=\"elementor-element elementor-element-00a0f05 legenda_produto elementor-widget elementor-widget-text-editor\" data-id=\"00a0f05\" data-element_type=\"widget\" data-widget_type=\"text-editor.default\">\n\t\t\t\t<div class=\"elementor-widget-container\">\n\t\t\t\t\t\t\t\t<div class=\"elementor-text-editor elementor-clearfix\">\n\t\t\t\t<p style=\"text-align: center;\">Canarinho Energy Caps<\/p><p style=\"text-align: center;\">Suplemento alimentar de cafe\u00edna em c\u00e1psulas<\/p><p style=\"text-align: center;\">Cont\u00e9m 24 blisters com 2 c\u00e1psulas de 200mg<\/p><p>\u00a0<\/p>\t\t\t\t\t<\/div>\n\t\t\t\t\t\t<\/div>\n\t\t\t\t<\/div>\n\t\t\t\t\t\t<\/div>\n\t\t\t\t\t<\/div>\n\t\t<\/div>\n\t\t\t\t\t\t\t\t<\/div>\n\t\t\t\t\t<\/div>\n\t\t<\/section>\n\t\t\t\t\t\t<\/div>\n\t\t\t\t\t<\/div>\n\t\t<\/div>\n\t\t\t\t<div class=\"elementor-column elementor-col-50 elementor-top-column elementor-element elementor-element-6aa9918\" data-id=\"6aa9918\" data-element_type=\"column\">\n\t\t\t<div class=\"elementor-column-wrap\">\n\t\t\t\t\t\t\t<div class=\"elementor-widget-wrap\">\n\t\t\t\t\t\t\t\t<\/div>\n\t\t\t\t\t<\/div>\n\t\t<\/div>\n\t\t\t\t\t\t\t\t<\/div>\n\t\t\t\t\t<\/div>\n\t\t<\/section>\n\t\t\t\t<section class=\"elementor-section elementor-top-section elementor-element elementor-element-e4a3c02 elementor-section-stretched elementor-section-full_width elementor-section-height-default elementor-section-height-default\" data-id=\"e4a3c02\" data-element_type=\"section\" data-settings=\"{&quot;stretch_section&quot;:&quot;section-stretched&quot;}\">\n\t\t\t\t\t\t<div class=\"elementor-container elementor-column-gap-default\">\n\t\t\t\t\t\t\t<div class=\"elementor-row\">\n\t\t\t\t\t<div class=\"elementor-column elementor-col-100 elementor-top-column elementor-element elementor-element-e68030b\" data-id=\"e68030b\" data-element_type=\"column\">\n\t\t\t<div class=\"elementor-column-wrap elementor-element-populated\">\n\t\t\t\t\t\t\t<div class=\"elementor-widget-wrap\">\n\t\t\t\t\t\t<div class=\"elementor-element elementor-element-4c48e29 elementor-widget elementor-widget-shortcode\" data-id=\"4c48e29\" data-element_type=\"widget\" data-widget_type=\"shortcode.default\">\n\t\t\t\t<div class=\"elementor-widget-container\">\n\t\t\t\t\t<div class=\"elementor-shortcode\">\t\t<div data-elementor-type=\"wp-post\" data-elementor-id=\"311\" class=\"elementor elementor-311\" data-elementor-settings=\"[]\">\n\t\t\t\t\t\t<div class=\"elementor-inner\">\n\t\t\t\t\t\t\t<div class=\"elementor-section-wrap\">\n\t\t\t\t\t\t\t<section class=\"elementor-section elementor-top-section elementor-element elementor-element-88c6118 elementor-section-boxed elementor-section-height-default elementor-section-height-default\" data-id=\"88c6118\" data-element_type=\"section\">\n\t\t\t\t\t\t<div class=\"elementor-container elementor-column-gap-default\">\n\t\t\t\t\t\t\t<div class=\"elementor-row\">\n\t\t\t\t\t<div class=\"elementor-column elementor-col-100 elementor-top-column elementor-element elementor-element-9ceb25d\" data-id=\"9ceb25d\" data-element_type=\"column\">\n\t\t\t<div class=\"elementor-column-wrap elementor-element-populated\">\n\t\t\t\t\t\t\t<div class=\"elementor-widget-wrap\">\n\t\t\t\t\t\t<div class=\"elementor-element elementor-element-f0e06fc elementor-widget elementor-widget-heading\" data-id=\"f0e06fc\" data-element_type=\"widget\" data-widget_type=\"heading.default\">\n\t\t\t\t<div class=\"elementor-widget-container\">\n\t\t\t<h2 class=\"elementor-heading-title elementor-size-default\">CONHE\u00c7A OUTROS PALHEIROS<\/h2>\t\t<\/div>\n\t\t\t\t<\/div>\n\t\t\t\t\t\t<\/div>\n\t\t\t\t\t<\/div>\n\t\t<\/div>\n\t\t\t\t\t\t\t\t<\/div>\n\t\t\t\t\t<\/div>\n\t\t<\/section>\n\t\t\t\t<section class=\"elementor-section elementor-top-section elementor-element elementor-element-d55c9e9 elementor-section-stretched elementor-section-full_width elementor-section-height-default elementor-section-height-default\" data-id=\"d55c9e9\" data-element_type=\"section\" data-settings=\"{&quot;stretch_section&quot;:&quot;section-stretched&quot;}\">\n\t\t\t\t\t\t<div class=\"elementor-container elementor-column-gap-default\">\n\t\t\t\t\t\t\t<div class=\"elementor-row\">\n\t\t\t\t\t<div class=\"elementor-column elementor-col-11 elementor-top-column elementor-element elementor-element-903e2d3\" data-id=\"903e2d3\" data-element_type=\"column\">\n\t\t\t<div class=\"elementor-column-wrap elementor-element-populated\">\n\t\t\t\t\t\t\t<div class=\"elementor-widget-wrap\">\n\t\t\t\t\t\t<div class=\"elementor-element elementor-element-6a23065 elementor-widget elementor-widget-premium-addon-banner\" data-id=\"6a23065\" data-element_type=\"widget\" data-widget_type=\"premium-addon-banner.default\">\n\t\t\t\t<div class=\"elementor-widget-container\">\n\t\t\t            <div id=\"premium-banner-6a23065\" class=\"premium-banner\">\r\n\t\t\t\t<div class=\"premium-banner-ib premium-banner-animation2 scale premium-banner-min-height\">\r\n\t\t\t\t\t                        <img width=\"601\" height=\"423\" src=\"https:\/\/fumocanarinho.com.br\/portal\/wp-content\/uploads\/2020\/03\/logo-palheiros-canarinho-2.png\" class=\"attachment-full size-full\" alt=\"\" loading=\"lazy\" srcset=\"https:\/\/fumocanarinho.com.br\/portal\/wp-content\/uploads\/2020\/03\/logo-palheiros-canarinho-2.png 601w, https:\/\/fumocanarinho.com.br\/portal\/wp-content\/uploads\/2020\/03\/logo-palheiros-canarinho-2-300x211.png 300w\" sizes=\"(max-width: 601px) 100vw, 601px\" \/>\t\t\t\t\t<div class=\"premium-banner-ib-desc\">\r\n\t\t\t\t\t\t<div class=\"premium-banner-title-wrap\"><h3 class=\"premium-banner-ib-title premium_banner_title\"><\/h3><\/div>\t\t\t\t\t<\/div>\r\n\t\t\t\t\t<a class=\"premium-banner-ib-link\" href=\"https:\/\/fumocanarinho.com.br\/portal\/palheiros-canarinho\/\" title=\"\"><\/a>\t\t\t\t<\/div>\r\n                \t\t\t<\/div>\r\n\t\t\t\t<\/div>\n\t\t\t\t<\/div>\n\t\t\t\t\t\t<\/div>\n\t\t\t\t\t<\/div>\n\t\t<\/div>\n\t\t\t\t<div class=\"elementor-column elementor-col-11 elementor-top-column elementor-element elementor-element-9598bad\" data-id=\"9598bad\" data-element_type=\"column\">\n\t\t\t<div class=\"elementor-column-wrap elementor-element-populated\">\n\t\t\t\t\t\t\t<div class=\"elementor-widget-wrap\">\n\t\t\t\t\t\t<div class=\"elementor-element elementor-element-2cae31a elementor-widget elementor-widget-premium-addon-banner\" data-id=\"2cae31a\" data-element_type=\"widget\" data-widget_type=\"premium-addon-banner.default\">\n\t\t\t\t<div class=\"elementor-widget-container\">\n\t\t\t            <div id=\"premium-banner-2cae31a\" class=\"premium-banner\">\r\n\t\t\t\t<div class=\"premium-banner-ib premium-banner-animation2 scale premium-banner-min-height\">\r\n\t\t\t\t\t                        <img width=\"601\" height=\"423\" src=\"https:\/\/fumocanarinho.com.br\/portal\/wp-content\/uploads\/2020\/03\/logo-L7-2.png\" class=\"attachment-full size-full\" alt=\"\" loading=\"lazy\" srcset=\"https:\/\/fumocanarinho.com.br\/portal\/wp-content\/uploads\/2020\/03\/logo-L7-2.png 601w, https:\/\/fumocanarinho.com.br\/portal\/wp-content\/uploads\/2020\/03\/logo-L7-2-300x211.png 300w\" sizes=\"(max-width: 601px) 100vw, 601px\" \/>\t\t\t\t\t<div class=\"premium-banner-ib-desc\">\r\n\t\t\t\t\t\t<div class=\"premium-banner-title-wrap\"><h3 class=\"premium-banner-ib-title premium_banner_title\"><\/h3><\/div>\t\t\t\t\t<\/div>\r\n\t\t\t\t\t<a class=\"premium-banner-ib-link\" href=\"https:\/\/fumocanarinho.com.br\/portal\/l7\/\" title=\"\"><\/a>\t\t\t\t<\/div>\r\n                \t\t\t<\/div>\r\n\t\t\t\t<\/div>\n\t\t\t\t<\/div>\n\t\t\t\t\t\t<\/div>\n\t\t\t\t\t<\/div>\n\t\t<\/div>\n\t\t\t\t<div class=\"elementor-column elementor-col-11 elementor-top-column elementor-element elementor-element-403df5f\" data-id=\"403df5f\" data-element_type=\"column\">\n\t\t\t<div class=\"elementor-column-wrap elementor-element-populated\">\n\t\t\t\t\t\t\t<div class=\"elementor-widget-wrap\">\n\t\t\t\t\t\t<div class=\"elementor-element elementor-element-ee055f0 elementor-widget elementor-widget-premium-addon-banner\" data-id=\"ee055f0\" data-element_type=\"widget\" data-widget_type=\"premium-addon-banner.default\">\n\t\t\t\t<div class=\"elementor-widget-container\">\n\t\t\t            <div id=\"premium-banner-ee055f0\" class=\"premium-banner\">\r\n\t\t\t\t<div class=\"premium-banner-ib premium-banner-animation2 scale premium-banner-min-height\">\r\n\t\t\t\t\t                        <img width=\"601\" height=\"423\" src=\"https:\/\/fumocanarinho.com.br\/portal\/wp-content\/uploads\/2020\/03\/logo-minerinho-2.png\" class=\"attachment-full size-full\" alt=\"\" loading=\"lazy\" srcset=\"https:\/\/fumocanarinho.com.br\/portal\/wp-content\/uploads\/2020\/03\/logo-minerinho-2.png 601w, https:\/\/fumocanarinho.com.br\/portal\/wp-content\/uploads\/2020\/03\/logo-minerinho-2-300x211.png 300w\" sizes=\"(max-width: 601px) 100vw, 601px\" \/>\t\t\t\t\t<div class=\"premium-banner-ib-desc\">\r\n\t\t\t\t\t\t<div class=\"premium-banner-title-wrap\"><h3 class=\"premium-banner-ib-title premium_banner_title\"><\/h3><\/div>\t\t\t\t\t<\/div>\r\n\t\t\t\t\t<a class=\"premium-banner-ib-link\" href=\"https:\/\/fumocanarinho.com.br\/portal\/minerinho\/\" title=\"\"><\/a>\t\t\t\t<\/div>\r\n                \t\t\t<\/div>\r\n\t\t\t\t<\/div>\n\t\t\t\t<\/div>\n\t\t\t\t\t\t<\/div>\n\t\t\t\t\t<\/div>\n\t\t<\/div>\n\t\t\t\t<div class=\"elementor-column elementor-col-11 elementor-top-column elementor-element elementor-element-c8773d3\" data-id=\"c8773d3\" data-element_type=\"column\">\n\t\t\t<div class=\"elementor-column-wrap elementor-element-populated\">\n\t\t\t\t\t\t\t<div class=\"elementor-widget-wrap\">\n\t\t\t\t\t\t<div class=\"elementor-element elementor-element-622219b elementor-widget elementor-widget-premium-addon-banner\" data-id=\"622219b\" data-element_type=\"widget\" data-widget_type=\"premium-addon-banner.default\">\n\t\t\t\t<div class=\"elementor-widget-container\">\n\t\t\t            <div id=\"premium-banner-622219b\" class=\"premium-banner\">\r\n\t\t\t\t<div class=\"premium-banner-ib premium-banner-animation2 scale premium-banner-min-height\">\r\n\t\t\t\t\t                        <img width=\"601\" height=\"423\" src=\"https:\/\/fumocanarinho.com.br\/portal\/wp-content\/uploads\/2020\/03\/logo-LA-2.png\" class=\"attachment-full size-full\" alt=\"\" loading=\"lazy\" srcset=\"https:\/\/fumocanarinho.com.br\/portal\/wp-content\/uploads\/2020\/03\/logo-LA-2.png 601w, https:\/\/fumocanarinho.com.br\/portal\/wp-content\/uploads\/2020\/03\/logo-LA-2-300x211.png 300w\" sizes=\"(max-width: 601px) 100vw, 601px\" \/>\t\t\t\t\t<div class=\"premium-banner-ib-desc\">\r\n\t\t\t\t\t\t<div class=\"premium-banner-title-wrap\"><h3 class=\"premium-banner-ib-title premium_banner_title\"><\/h3><\/div>\t\t\t\t\t<\/div>\r\n\t\t\t\t\t<a class=\"premium-banner-ib-link\" href=\"https:\/\/fumocanarinho.com.br\/portal\/la\/\" title=\"\"><\/a>\t\t\t\t<\/div>\r\n                \t\t\t<\/div>\r\n\t\t\t\t<\/div>\n\t\t\t\t<\/div>\n\t\t\t\t\t\t<\/div>\n\t\t\t\t\t<\/div>\n\t\t<\/div>\n\t\t\t\t<div class=\"elementor-column elementor-col-11 elementor-top-column elementor-element elementor-element-7905dfa\" data-id=\"7905dfa\" data-element_type=\"column\">\n\t\t\t<div class=\"elementor-column-wrap elementor-element-populated\">\n\t\t\t\t\t\t\t<div class=\"elementor-widget-wrap\">\n\t\t\t\t\t\t<div class=\"elementor-element elementor-element-2cb7826 elementor-widget elementor-widget-premium-addon-banner\" data-id=\"2cb7826\" data-element_type=\"widget\" data-widget_type=\"premium-addon-banner.default\">\n\t\t\t\t<div class=\"elementor-widget-container\">\n\t\t\t            <div id=\"premium-banner-2cb7826\" class=\"premium-banner\">\r\n\t\t\t\t<div class=\"premium-banner-ib premium-banner-animation2 scale premium-banner-min-height\">\r\n\t\t\t\t\t                        <img width=\"601\" height=\"423\" src=\"https:\/\/fumocanarinho.com.br\/portal\/wp-content\/uploads\/2020\/03\/logo-paulista-2.png\" class=\"attachment-full size-full\" alt=\"\" loading=\"lazy\" srcset=\"https:\/\/fumocanarinho.com.br\/portal\/wp-content\/uploads\/2020\/03\/logo-paulista-2.png 601w, https:\/\/fumocanarinho.com.br\/portal\/wp-content\/uploads\/2020\/03\/logo-paulista-2-300x211.png 300w\" sizes=\"(max-width: 601px) 100vw, 601px\" \/>\t\t\t\t\t<div class=\"premium-banner-ib-desc\">\r\n\t\t\t\t\t\t<div class=\"premium-banner-title-wrap\"><h3 class=\"premium-banner-ib-title premium_banner_title\"><\/h3><\/div>\t\t\t\t\t<\/div>\r\n\t\t\t\t\t<a class=\"premium-banner-ib-link\" href=\"https:\/\/fumocanarinho.com.br\/portal\/palheiros-paulista\/\" title=\"\"><\/a>\t\t\t\t<\/div>\r\n                \t\t\t<\/div>\r\n\t\t\t\t<\/div>\n\t\t\t\t<\/div>\n\t\t\t\t\t\t<\/div>\n\t\t\t\t\t<\/div>\n\t\t<\/div>\n\t\t\t\t<div class=\"elementor-column elementor-col-11 elementor-top-column elementor-element elementor-element-d04a92e\" data-id=\"d04a92e\" data-element_type=\"column\">\n\t\t\t<div class=\"elementor-column-wrap elementor-element-populated\">\n\t\t\t\t\t\t\t<div class=\"elementor-widget-wrap\">\n\t\t\t\t\t\t<div class=\"elementor-element elementor-element-1aa4fe9 elementor-widget elementor-widget-premium-addon-banner\" data-id=\"1aa4fe9\" data-element_type=\"widget\" data-widget_type=\"premium-addon-banner.default\">\n\t\t\t\t<div class=\"elementor-widget-container\">\n\t\t\t            <div id=\"premium-banner-1aa4fe9\" class=\"premium-banner\">\r\n\t\t\t\t<div class=\"premium-banner-ib premium-banner-animation2 scale premium-banner-min-height\">\r\n\t\t\t\t\t                        <img width=\"601\" height=\"423\" src=\"https:\/\/fumocanarinho.com.br\/portal\/wp-content\/uploads\/2020\/03\/logo-extra-bom-2.png\" class=\"attachment-full size-full\" alt=\"\" loading=\"lazy\" srcset=\"https:\/\/fumocanarinho.com.br\/portal\/wp-content\/uploads\/2020\/03\/logo-extra-bom-2.png 601w, https:\/\/fumocanarinho.com.br\/portal\/wp-content\/uploads\/2020\/03\/logo-extra-bom-2-300x211.png 300w\" sizes=\"(max-width: 601px) 100vw, 601px\" \/>\t\t\t\t\t<div class=\"premium-banner-ib-desc\">\r\n\t\t\t\t\t\t<div class=\"premium-banner-title-wrap\"><h3 class=\"premium-banner-ib-title premium_banner_title\"><\/h3><\/div>\t\t\t\t\t<\/div>\r\n\t\t\t\t\t<a class=\"premium-banner-ib-link\" href=\"https:\/\/fumocanarinho.com.br\/portal\/extra-bom\/\" title=\"\"><\/a>\t\t\t\t<\/div>\r\n                \t\t\t<\/div>\r\n\t\t\t\t<\/div>\n\t\t\t\t<\/div>\n\t\t\t\t\t\t<\/div>\n\t\t\t\t\t<\/div>\n\t\t<\/div>\n\t\t\t\t<div class=\"elementor-column elementor-col-11 elementor-top-column elementor-element elementor-element-cd84f3a\" data-id=\"cd84f3a\" data-element_type=\"column\">\n\t\t\t<div class=\"elementor-column-wrap elementor-element-populated\">\n\t\t\t\t\t\t\t<div class=\"elementor-widget-wrap\">\n\t\t\t\t\t\t<div class=\"elementor-element elementor-element-f8fce3d elementor-widget elementor-widget-premium-addon-banner\" data-id=\"f8fce3d\" data-element_type=\"widget\" data-widget_type=\"premium-addon-banner.default\">\n\t\t\t\t<div class=\"elementor-widget-container\">\n\t\t\t            <div id=\"premium-banner-f8fce3d\" class=\"premium-banner\">\r\n\t\t\t\t<div class=\"premium-banner-ib premium-banner-animation2 scale premium-banner-min-height\">\r\n\t\t\t\t\t                        <img width=\"601\" height=\"423\" src=\"https:\/\/fumocanarinho.com.br\/portal\/wp-content\/uploads\/2020\/05\/sol-paiol.png\" class=\"attachment-full size-full\" alt=\"\" loading=\"lazy\" srcset=\"https:\/\/fumocanarinho.com.br\/portal\/wp-content\/uploads\/2020\/05\/sol-paiol.png 601w, https:\/\/fumocanarinho.com.br\/portal\/wp-content\/uploads\/2020\/05\/sol-paiol-300x211.png 300w\" sizes=\"(max-width: 601px) 100vw, 601px\" \/>\t\t\t\t\t<div class=\"premium-banner-ib-desc\">\r\n\t\t\t\t\t\t<div class=\"premium-banner-title-wrap\"><h3 class=\"premium-banner-ib-title premium_banner_title\"><\/h3><\/div>\t\t\t\t\t<\/div>\r\n\t\t\t\t\t<a class=\"premium-banner-ib-link\" href=\"https:\/\/fumocanarinho.com.br\/portal\/palheiros-paulista\/\" title=\"\"><\/a>\t\t\t\t<\/div>\r\n                \t\t\t<\/div>\r\n\t\t\t\t<\/div>\n\t\t\t\t<\/div>\n\t\t\t\t\t\t<\/div>\n\t\t\t\t\t<\/div>\n\t\t<\/div>\n\t\t\t\t<div class=\"elementor-column elementor-col-11 elementor-top-column elementor-element elementor-element-0677382\" data-id=\"0677382\" data-element_type=\"column\">\n\t\t\t<div class=\"elementor-column-wrap elementor-element-populated\">\n\t\t\t\t\t\t\t<div class=\"elementor-widget-wrap\">\n\t\t\t\t\t\t<div class=\"elementor-element elementor-element-c0e1f7d elementor-widget elementor-widget-premium-addon-banner\" data-id=\"c0e1f7d\" data-element_type=\"widget\" data-widget_type=\"premium-addon-banner.default\">\n\t\t\t\t<div class=\"elementor-widget-container\">\n\t\t\t            <div id=\"premium-banner-c0e1f7d\" class=\"premium-banner\">\r\n\t\t\t\t<div class=\"premium-banner-ib premium-banner-animation2 scale premium-banner-min-height\">\r\n\t\t\t\t\t                        <img width=\"601\" height=\"423\" src=\"https:\/\/fumocanarinho.com.br\/portal\/wp-content\/uploads\/2020\/05\/logo-texas-2.png\" class=\"attachment-full size-full\" alt=\"\" loading=\"lazy\" srcset=\"https:\/\/fumocanarinho.com.br\/portal\/wp-content\/uploads\/2020\/05\/logo-texas-2.png 601w, https:\/\/fumocanarinho.com.br\/portal\/wp-content\/uploads\/2020\/05\/logo-texas-2-300x211.png 300w\" sizes=\"(max-width: 601px) 100vw, 601px\" \/>\t\t\t\t\t<div class=\"premium-banner-ib-desc\">\r\n\t\t\t\t\t\t<div class=\"premium-banner-title-wrap\"><h3 class=\"premium-banner-ib-title premium_banner_title\"><\/h3><\/div>\t\t\t\t\t<\/div>\r\n\t\t\t\t\t<a class=\"premium-banner-ib-link\" href=\"https:\/\/fumocanarinho.com.br\/portal\/extra-bom\/\" title=\"\"><\/a>\t\t\t\t<\/div>\r\n                \t\t\t<\/div>\r\n\t\t\t\t<\/div>\n\t\t\t\t<\/div>\n\t\t\t\t\t\t<\/div>\n\t\t\t\t\t<\/div>\n\t\t<\/div>\n\t\t\t\t<div class=\"elementor-column elementor-col-11 elementor-top-column elementor-element elementor-element-7af0b14\" data-id=\"7af0b14\" data-element_type=\"column\" data-settings=\"{&quot;background_background&quot;:&quot;classic&quot;}\">\n\t\t\t<div class=\"elementor-column-wrap elementor-element-populated\">\n\t\t\t\t\t\t\t<div class=\"elementor-widget-wrap\">\n\t\t\t\t\t\t<div class=\"elementor-element elementor-element-6585f9d elementor-widget elementor-widget-premium-addon-banner\" data-id=\"6585f9d\" data-element_type=\"widget\" data-widget_type=\"premium-addon-banner.default\">\n\t\t\t\t<div class=\"elementor-widget-container\">\n\t\t\t            <div id=\"premium-banner-6585f9d\" class=\"premium-banner\">\r\n\t\t\t\t<div class=\"premium-banner-ib premium-banner-animation2 scale premium-banner-min-height\">\r\n\t\t\t\t\t                        <img width=\"601\" height=\"423\" src=\"https:\/\/fumocanarinho.com.br\/portal\/wp-content\/uploads\/2020\/06\/energy-caps-1.jpg\" class=\"attachment-full size-full\" alt=\"\" loading=\"lazy\" srcset=\"https:\/\/fumocanarinho.com.br\/portal\/wp-content\/uploads\/2020\/06\/energy-caps-1.jpg 601w, https:\/\/fumocanarinho.com.br\/portal\/wp-content\/uploads\/2020\/06\/energy-caps-1-300x211.jpg 300w\" sizes=\"(max-width: 601px) 100vw, 601px\" \/>\t\t\t\t\t<div class=\"premium-banner-ib-desc\">\r\n\t\t\t\t\t\t<div class=\"premium-banner-title-wrap\"><h3 class=\"premium-banner-ib-title premium_banner_title\"><\/h3><\/div>\t\t\t\t\t<\/div>\r\n\t\t\t\t\t<a class=\"premium-banner-ib-link\" href=\"https:\/\/fumocanarinho.com.br\/portal\/energy-caps\/\" title=\"\"><\/a>\t\t\t\t<\/div>\r\n                \t\t\t<\/div>\r\n\t\t\t\t<\/div>\n\t\t\t\t<\/div>\n\t\t\t\t\t\t<\/div>\n\t\t\t\t\t<\/div>\n\t\t<\/div>\n\t\t\t\t\t\t\t\t<\/div>\n\t\t\t\t\t<\/div>\n\t\t<\/section>\n\t\t\t\t\t\t<\/div>\n\t\t\t\t\t\t<\/div>\n\t\t\t\t\t<\/div>\n\t\t<\/div>\n\t\t\t\t<\/div>\n\t\t\t\t<\/div>\n\t\t\t\t\t\t<\/div>\n\t\t\t\t\t<\/div>\n\t\t<\/div>\n\t\t\t\t\t\t\t\t<\/div>\n\t\t\t\t\t<\/div>\n\t\t<\/section>\n\t\t\t\t\t\t<\/div>\n\t\t\t\t\t\t<\/div>\n\t\t\t\t\t<\/div>\n\t\t","protected":false},"excerpt":{"rendered":"<p>Canarinho Energy Caps Suplemento alimentar de cafe\u00edna em c\u00e1psulas Cont\u00e9m 24 blisters com 2 c\u00e1psulas de 200mg \u00a0<\/p>\n","protected":false},"author":1,"featured_media":0,"parent":0,"menu_order":0,"comment_status":"closed","ping_status":"closed","template":"","meta":[],"_links":{"self":[{"href":"https:\/\/fumocanarinho.com.br\/portal\/wp-json\/wp\/v2\/pages\/726"}],"collection":[{"href":"https:\/\/fumocanarinho.com.br\/portal\/wp-json\/wp\/v2\/pages"}],"about":[{"href":"https:\/\/fumocanarinho.com.br\/portal\/wp-json\/wp\/v2\/types\/page"}],"author":[{"embeddable":true,"href":"https:\/\/fumocanarinho.com.br\/portal\/wp-json\/wp\/v2\/users\/1"}],"replies":[{"embeddable":true,"href":"https:\/\/fumocanarinho.com.br\/portal\/wp-json\/wp\/v2\/comments?post=726"}],"version-history":[{"count":7,"href":"https:\/\/fumocanarinho.com.br\/portal\/wp-json\/wp\/v2\/pages\/726\/revisions"}],"predecessor-version":[{"id":741,"href":"https:\/\/fumocanarinho.com.br\/portal\/wp-json\/wp\/v2\/pages\/726\/revisions\/741"}],"wp:attachment":[{"href":"https:\/\/fumocanarinho.com.br\/portal\/wp-json\/wp\/v2\/media?parent=726"}],"curies":[{"name":"wp","href":"https:\/\/api.w.org\/{rel}","templated":true}]}}